{"id":2008,"date":"2022-11-05T13:47:29","date_gmt":"2022-11-05T12:47:29","guid":{"rendered":"http:\/\/www.lucabox.it\/development\/kseniaprix2\/su-di-me\/"},"modified":"2023-01-20T22:32:22","modified_gmt":"2023-01-20T21:32:22","slug":"su-di-me","status":"publish","type":"page","link":"https:\/\/kseniaprix.com\/it\/su-di-me\/","title":{"rendered":"Su di me"},"content":{"rendered":"<p>[et_pb_section fb_built=&#8221;1&#8243; admin_label=&#8221;Header&#8221; _builder_version=&#8221;4.19.0&#8243; background_color=&#8221;#282828&#8243; background_enable_image=&#8221;off&#8221; background_position=&#8221;top_center&#8221; background_vertical_offset=&#8221;57%&#8221; custom_margin=&#8221;||||false&#8221; custom_padding=&#8221;5vw||2vw||false|false&#8221; locked=&#8221;off&#8221; global_colors_info=&#8221;{}&#8221;][et_pb_row _builder_version=&#8221;4.19.0&#8243; width_tablet=&#8221;&#8221; width_phone=&#8221;100%&#8221; width_last_edited=&#8221;on|phone&#8221; module_alignment=&#8221;left&#8221; custom_padding=&#8221;9px|||10%|false|false&#8221; global_colors_info=&#8221;{}&#8221;][et_pb_column type=&#8221;4_4&#8243; _builder_version=&#8221;4.19.0&#8243; custom_padding=&#8221;|||&#8221; global_colors_info=&#8221;{}&#8221; custom_padding__hover=&#8221;|||&#8221;][et_pb_text _builder_version=&#8221;4.19.0&#8243; text_font=&#8221;||||||||&#8221; text_text_color=&#8221;#FFFFFF&#8221; ul_font=&#8221;||||||||&#8221; ol_font=&#8221;||||||||&#8221; header_font=&#8221;Montserrat|300|||||||&#8221; header_text_color=&#8221;#FFFFFF&#8221; header_font_size=&#8221;17px&#8221; header_letter_spacing=&#8221;1px&#8221; header_line_height=&#8221;1.4em&#8221; header_2_font=&#8221;Poppins|700|||||||&#8221; header_2_text_color=&#8221;#FFFFFF&#8221; header_2_font_size=&#8221;6vh&#8221; header_2_line_height=&#8221;1.4em&#8221; header_3_font=&#8221;Marck Script||||||||&#8221; header_3_text_align=&#8221;left&#8221; header_3_font_size=&#8221;28px&#8221; header_3_line_height=&#8221;1.4em&#8221; header_4_font=&#8221;||||||||&#8221; header_5_font=&#8221;||||||||&#8221; header_6_font=&#8221;||||||||&#8221; text_orientation=&#8221;center&#8221; width=&#8221;67%&#8221; module_alignment=&#8221;left&#8221; custom_margin=&#8221;||||false|false&#8221; custom_padding=&#8221;|||10%|false|false&#8221; header_font_size_tablet=&#8221;&#8221; header_font_size_phone=&#8221;12px&#8221; header_font_size_last_edited=&#8221;on|desktop&#8221; header_2_font_size_tablet=&#8221;45px&#8221; header_2_font_size_phone=&#8221;30px&#8221; header_2_font_size_last_edited=&#8221;on|desktop&#8221; global_colors_info=&#8221;{}&#8221;]<\/p>\n<h2 style=\"text-align: left;\">Su di <span style=\"color: #fabee6;\">me<\/span>.<\/h2>\n<p>[\/et_pb_text][\/et_pb_column][\/et_pb_row][\/et_pb_section][et_pb_section fb_built=&#8221;1&#8243; custom_padding_last_edited=&#8221;on|tablet&#8221; admin_label=&#8221;About Me&#8221; _builder_version=&#8221;4.19.0&#8243; background_color=&#8221;rgba(250,250,250,0.53)&#8221; custom_padding=&#8221;3vw|0px|0vw|0px|false|false&#8221; custom_padding_tablet=&#8221;||10vw|&#8221; custom_padding_phone=&#8221;&#8221; top_divider_height=&#8221;6vw&#8221; top_divider_flip=&#8221;vertical&#8221; bottom_divider_style=&#8221;curve&#8221; bottom_divider_color=&#8221;#FFFFFF&#8221; bottom_divider_height=&#8221;10vw&#8221; bottom_divider_repeat=&#8221;0.5x&#8221; global_colors_info=&#8221;{}&#8221;][et_pb_row _builder_version=&#8221;4.19.0&#8243; global_colors_info=&#8221;{}&#8221;][et_pb_column type=&#8221;4_4&#8243; _builder_version=&#8221;4.16&#8243; custom_padding=&#8221;|||&#8221; global_colors_info=&#8221;{}&#8221; custom_padding__hover=&#8221;|||&#8221;][et_pb_text _builder_version=&#8221;4.19.4&#8243; text_font=&#8221;||||||||&#8221; text_line_height=&#8221;2em&#8221; header_font=&#8221;||||||||&#8221; header_2_font=&#8221;Poppins|700|||||||&#8221; header_2_font_size=&#8221;47px&#8221; header_2_line_height=&#8221;1.6em&#8221; header_2_font_size_tablet=&#8221;&#8221; header_2_font_size_phone=&#8221;20px&#8221; header_2_font_size_last_edited=&#8221;on|phone&#8221; locked=&#8221;off&#8221; global_colors_info=&#8221;{}&#8221;]<\/p>\n<h2>La mia <span style=\"color: #fabee6;\">missione<\/span> \u00e8 rendere il fitness <span style=\"color: #fabee6;\">accessibile <\/span>a donne <span style=\"color: #fabee6;\">di tutte le et\u00e0, con qualunque capacit\u00e0 e per qualsiasi obiettivo.<\/span><\/h2>\n<p>[\/et_pb_text][\/et_pb_column][\/et_pb_row][et_pb_row column_structure=&#8221;3_5,2_5&#8243; custom_padding_last_edited=&#8221;on|phone&#8221; _builder_version=&#8221;4.19.0&#8243; _module_preset=&#8221;default&#8221; custom_padding_tablet=&#8221;&#8221; custom_padding_phone=&#8221;0px||||false|false&#8221; global_colors_info=&#8221;{}&#8221;][et_pb_column type=&#8221;3_5&#8243; _builder_version=&#8221;4.19.0&#8243; _module_preset=&#8221;default&#8221; global_colors_info=&#8221;{}&#8221;][et_pb_text _builder_version=&#8221;4.19.0&#8243; text_font=&#8221;Poppins|300|||||||&#8221; text_text_color=&#8221;#000000&#8243; text_letter_spacing=&#8221;0.6px&#8221; text_line_height=&#8221;2em&#8221; header_font=&#8221;||||||||&#8221; header_2_font=&#8221;Poppins|700|||||||&#8221; header_2_font_size=&#8221;47px&#8221; header_2_line_height=&#8221;1.6em&#8221; header_2_font_size_tablet=&#8221;&#8221; header_2_font_size_phone=&#8221;20px&#8221; header_2_font_size_last_edited=&#8221;on|phone&#8221; locked=&#8221;off&#8221; global_colors_info=&#8221;{}&#8221;]<\/p>\n<p>Il mio percorso di fitness ha cambiato completamente la mia vita e attraverso la condivisione dei miei programmi di allenamento in palestra e a casa <strong>sto cambiando la vita di innumerevoli donne<\/strong>.<\/p>\n<p>Sono un\u2019<strong>istruttrice di fitness certificata<\/strong> e una <strong>atleta di successo di IFBB bikini fitness<\/strong>. Ho gareggiato per molti anni e ho raggiunto dei traguardi importanti. Tuttavia all\u2019inizio del mio percorso la mia forma fisica era ben lontana da come appare ora. <strong>Non mi sentivo soddisfatta<\/strong> <strong>della mia figura<\/strong> nonostante facessi prevalentemente cardio.<\/p>\n<p>Fino a quando ho scoperto che l\u2019<strong>allenamento con i pesi<\/strong> era la strada da percorrere: finalmente ho iniziato a vedere i <strong>progressi<\/strong> desiderati, diventando pi\u00f9 forte sia fisicamente che mentalmente. Questa situazione di benessere esteriore ed interiore mi ha permesso di diventare la versione migliore di me stessa.<\/p>\n<p><strong>Credimi, non \u00e8 necessario passare ore in palestra o contare le calorie assunte per vedere i risultati.<\/strong><\/p>\n<p>Indipendentemente dalla tua et\u00e0, dai tuoi obiettivi e dal livello di preparazione, sono qui per sostenerti e guidarti nel tuo percorso di fitness.<\/p>\n<p><strong>Sei pronta a fare il primo passo verso un futuro pi\u00f9 in forma?<\/strong><\/p>\n<p>[\/et_pb_text][et_pb_button button_url=&#8221;@ET-DC@eyJkeW5hbWljIjp0cnVlLCJjb250ZW50IjoicG9zdF9saW5rX3VybF9wYWdlIiwic2V0dGluZ3MiOnsicG9zdF9pZCI6IjU0MSJ9fQ==@&#8221; button_text=&#8221;S\u00ec, voglio iniziare!&#8221; button_alignment=&#8221;left&#8221; _builder_version=&#8221;4.19.0&#8243; _dynamic_attributes=&#8221;button_url&#8221; custom_button=&#8221;on&#8221; button_text_size=&#8221;12px&#8221; button_text_color=&#8221;#ffffff&#8221; button_bg_color=&#8221;#FABEE6&#8243; button_border_width=&#8221;0px&#8221; button_border_color=&#8221;rgba(0,0,0,0)&#8221; button_border_radius=&#8221;6px&#8221; button_letter_spacing=&#8221;2px&#8221; button_font=&#8221;Montserrat|600||on|||||&#8221; button_icon=&#8221;&#x24;||divi||400&#8243; button_on_hover=&#8221;off&#8221; custom_margin=&#8221;10px||||false|false&#8221; custom_padding=&#8221;16px|30px|16px|30px|true|true&#8221; box_shadow_style=&#8221;preset1&#8243; box_shadow_vertical=&#8221;10px&#8221; box_shadow_blur=&#8221;20px&#8221; box_shadow_color=&#8221;rgba(0,0,0,0.36)&#8221; button_letter_spacing_hover=&#8221;2px&#8221; locked=&#8221;off&#8221; global_colors_info=&#8221;{}&#8221; button_text_size__hover_enabled=&#8221;off&#8221; button_one_text_size__hover_enabled=&#8221;off&#8221; button_two_text_size__hover_enabled=&#8221;off&#8221; button_text_color__hover_enabled=&#8221;off&#8221; button_one_text_color__hover_enabled=&#8221;off&#8221; button_two_text_color__hover_enabled=&#8221;off&#8221; button_border_width__hover_enabled=&#8221;off&#8221; button_one_border_width__hover_enabled=&#8221;off&#8221; button_two_border_width__hover_enabled=&#8221;off&#8221; button_border_color__hover_enabled=&#8221;off&#8221; button_one_border_color__hover_enabled=&#8221;off&#8221; button_two_border_color__hover_enabled=&#8221;off&#8221; button_border_radius__hover_enabled=&#8221;off&#8221; button_one_border_radius__hover_enabled=&#8221;off&#8221; button_two_border_radius__hover_enabled=&#8221;off&#8221; button_letter_spacing__hover_enabled=&#8221;on&#8221; button_letter_spacing__hover=&#8221;2px&#8221; button_one_letter_spacing__hover_enabled=&#8221;off&#8221; button_two_letter_spacing__hover_enabled=&#8221;off&#8221; button_bg_color__hover_enabled=&#8221;on|hover&#8221; button_one_bg_color__hover_enabled=&#8221;off&#8221; button_two_bg_color__hover_enabled=&#8221;off&#8221; button_bg_color__hover=&#8221;rgba(0,0,0,0.77)&#8221; button_bg_enable_color__hover=&#8221;on&#8221;][\/et_pb_button][\/et_pb_column][et_pb_column type=&#8221;2_5&#8243; _builder_version=&#8221;4.19.0&#8243; _module_preset=&#8221;default&#8221; global_colors_info=&#8221;{}&#8221;][dnxte_thumbs_gallery_parent dnext_thumbs_gallery_loop=&#8221;on&#8221; dnext_thumbs_gallery_grab=&#8221;on&#8221; dnext_thumbs_gallery_arrows=&#8221;on&#8221; dnext_thumbs_gallery_arrow_color=&#8221;#FFFFFF&#8221; dnext_thumbs_gallery_arrow_background_color=&#8221;RGBA(255,255,255,0)&#8221; dnext_thumbs_gallery_dots_active_color=&#8221;#fabee6&#8243; dnext_thumbs_gallery_arrow_size=&#8221;16&#8243; dnext_thumbs_gallery_pause_on_hover=&#8221;on&#8221; _builder_version=&#8221;4.19.0&#8243; _module_preset=&#8221;default&#8221; global_colors_info=&#8221;{}&#8221;][dnxte_thumbs_gallery_child thumbs_gallery_top_image=&#8221;http:\/\/kseniaprix.com\/wp-content\/uploads\/2023\/01\/fitness-bikini.jpg&#8221; _builder_version=&#8221;4.19.0&#8243; _module_preset=&#8221;default&#8221; global_colors_info=&#8221;{}&#8221;][\/dnxte_thumbs_gallery_child][dnxte_thumbs_gallery_child thumbs_gallery_top_image=&#8221;http:\/\/kseniaprix.com\/wp-content\/uploads\/2023\/01\/ksenia-prix-bikini-5.jpg&#8221; _builder_version=&#8221;4.19.0&#8243; _module_preset=&#8221;default&#8221; global_colors_info=&#8221;{}&#8221;][\/dnxte_thumbs_gallery_child][dnxte_thumbs_gallery_child thumbs_gallery_top_image=&#8221;http:\/\/kseniaprix.com\/wp-content\/uploads\/2023\/01\/ksenia-prix-bikini-4.jpg&#8221; _builder_version=&#8221;4.19.0&#8243; _module_preset=&#8221;default&#8221; global_colors_info=&#8221;{}&#8221;][\/dnxte_thumbs_gallery_child][dnxte_thumbs_gallery_child thumbs_gallery_top_image=&#8221;http:\/\/kseniaprix.com\/wp-content\/uploads\/2023\/01\/ksenia-prix-bikini-3.jpg&#8221; _builder_version=&#8221;4.19.0&#8243; _module_preset=&#8221;default&#8221; global_colors_info=&#8221;{}&#8221;][\/dnxte_thumbs_gallery_child][dnxte_thumbs_gallery_child thumbs_gallery_top_image=&#8221;http:\/\/kseniaprix.com\/wp-content\/uploads\/2023\/01\/ksenia-prix-bikini-2.jpg&#8221; _builder_version=&#8221;4.19.0&#8243; _module_preset=&#8221;default&#8221; global_colors_info=&#8221;{}&#8221;][\/dnxte_thumbs_gallery_child][dnxte_thumbs_gallery_child thumbs_gallery_top_image=&#8221;http:\/\/kseniaprix.com\/wp-content\/uploads\/2023\/01\/ksenia-prix-bikini-1.jpg&#8221; _builder_version=&#8221;4.19.0&#8243; _module_preset=&#8221;default&#8221; global_colors_info=&#8221;{}&#8221;][\/dnxte_thumbs_gallery_child][dnxte_thumbs_gallery_child thumbs_gallery_top_image=&#8221;http:\/\/kseniaprix.com\/wp-content\/uploads\/2023\/01\/ksenia-prix-bikini-0.jpg&#8221; _builder_version=&#8221;4.19.0&#8243; _module_preset=&#8221;default&#8221; global_colors_info=&#8221;{}&#8221;][\/dnxte_thumbs_gallery_child][\/dnxte_thumbs_gallery_parent][\/et_pb_column][\/et_pb_row][\/et_pb_section][et_pb_section fb_built=&#8221;1&#8243; admin_label=&#8221;Testimonials&#8221; _builder_version=&#8221;4.19.0&#8243; background_enable_color=&#8221;off&#8221; background_enable_image=&#8221;off&#8221; background_size=&#8221;contain&#8221; background_position=&#8221;top_right&#8221; custom_margin=&#8221;51px|||||&#8221; custom_padding=&#8221;2vw||126px||false|false&#8221; locked=&#8221;off&#8221; global_colors_info=&#8221;{}&#8221;][et_pb_row _builder_version=&#8221;4.16&#8243; custom_margin=&#8221;6px|auto||auto||&#8221; global_colors_info=&#8221;{}&#8221;][et_pb_column type=&#8221;4_4&#8243; _builder_version=&#8221;4.16&#8243; custom_padding=&#8221;|||&#8221; global_colors_info=&#8221;{}&#8221; custom_padding__hover=&#8221;|||&#8221;][et_pb_text _builder_version=&#8221;4.19.0&#8243; text_font=&#8221;||||||||&#8221; text_line_height=&#8221;2em&#8221; header_font=&#8221;||||||||&#8221; header_2_font=&#8221;Poppins|700|||||||&#8221; header_2_font_size=&#8221;36px&#8221; header_2_line_height=&#8221;1.6em&#8221; header_3_font=&#8221;Merriweather|700|||||||&#8221; header_3_text_color=&#8221;#ffc47c&#8221; header_3_font_size=&#8221;18px&#8221; header_3_line_height=&#8221;1.8em&#8221; text_orientation=&#8221;center&#8221; header_2_font_size_tablet=&#8221;&#8221; header_2_font_size_phone=&#8221;20px&#8221; header_2_font_size_last_edited=&#8221;on|phone&#8221; header_3_font_size_tablet=&#8221;&#8221; header_3_font_size_phone=&#8221;14px&#8221; header_3_font_size_last_edited=&#8221;on|phone&#8221; locked=&#8221;off&#8221; global_colors_info=&#8221;{}&#8221;]<\/p>\n<h2>Cosa dicono <span style=\"color:#FABEE6\">le persone<\/span> <\/h2>\n<p>[\/et_pb_text][\/et_pb_column][\/et_pb_row][et_pb_row column_structure=&#8221;1_2,1_2&#8243; _builder_version=&#8221;4.16&#8243; locked=&#8221;off&#8221; global_colors_info=&#8221;{}&#8221;][et_pb_column type=&#8221;1_2&#8243; _builder_version=&#8221;4.16&#8243; custom_padding=&#8221;|||&#8221; global_colors_info=&#8221;{}&#8221; custom_padding__hover=&#8221;|||&#8221;][et_pb_testimonial author=&#8221;Denise&#8221; portrait_url=&#8221;http:\/\/kseniaprix.com\/wp-content\/uploads\/2023\/01\/message-pink.png&#8221; quote_icon=&#8221;off&#8221; portrait_width=&#8221;40px&#8221; portrait_height=&#8221;40px&#8221; _builder_version=&#8221;4.19.0&#8243; body_font=&#8221;||||||||&#8221; body_line_height=&#8221;2em&#8221; use_background_color=&#8221;off&#8221; custom_padding=&#8221;||||false|false&#8221; border_radii=&#8221;on|4px|4px|4px|4px&#8221; border_radii_portrait=&#8221;on|0px|0px|0px|0px&#8221; box_shadow_style_image=&#8221;preset1&#8243; box_shadow_vertical_image=&#8221;10px&#8221; box_shadow_blur_image=&#8221;60px&#8221; box_shadow_color_image=&#8221;rgba(1,33,92,0.1)&#8221; global_colors_info=&#8221;{}&#8221;]<\/p>\n<p><span style=\"color: #333333;\">3 mesi fa ho iniziato ad allenarmi con Ksenia come trainer online. Da quando seguo i suoi allenamenti ho finalmente guadagnato massa muscolare senza ingrassare (pensavo fosse impossibile). Sono molto soddisfatta dei miei progressi e continuer\u00f2 a ottenere buoni risultati per raggiungere il mio obiettivo. Grazie Ksenia! \u2764\ufe0f  <\/span><\/p>\n<p>[\/et_pb_testimonial][\/et_pb_column][et_pb_column type=&#8221;1_2&#8243; _builder_version=&#8221;4.16&#8243; custom_padding=&#8221;|||&#8221; global_colors_info=&#8221;{}&#8221; custom_padding__hover=&#8221;|||&#8221;][et_pb_testimonial author=&#8221;Susan&#8221; portrait_url=&#8221;http:\/\/kseniaprix.com\/wp-content\/uploads\/2023\/01\/message-pink.png&#8221; quote_icon=&#8221;off&#8221; portrait_width=&#8221;40px&#8221; portrait_height=&#8221;40px&#8221; _builder_version=&#8221;4.19.0&#8243; body_font=&#8221;||||||||&#8221; body_line_height=&#8221;2em&#8221; use_background_color=&#8221;off&#8221; custom_padding=&#8221;||||false|false&#8221; border_radii=&#8221;on|4px|4px|4px|4px&#8221; border_radii_portrait=&#8221;on|0px|0px|0px|0px&#8221; box_shadow_style_image=&#8221;preset1&#8243; box_shadow_vertical_image=&#8221;10px&#8221; box_shadow_blur_image=&#8221;60px&#8221; box_shadow_color_image=&#8221;rgba(1,33,92,0.1)&#8221; locked=&#8221;off&#8221; global_colors_info=&#8221;{}&#8221;]<\/p>\n<p><span style=\"color: #333333;\">In quanto mamma impegnata, \u00e8 difficile trovare il tempo per un allenamento adeguato. Ho contattato Ksenia in IG per provare il Programma Strong prima del suo lancio. Per me ha cambiato le carte in tavola. Gli allenamenti sono rapidi ed efficaci e ho gi\u00e0 iniziato a vedere i cambiamenti nel mio corpo. Sono molto contenta di aver investito in questo programma e lo consiglio vivamente a chiunque voglia mettersi in forma e diventare forte&#8221;.<\/span><\/p>\n<p>[\/et_pb_testimonial][\/et_pb_column][\/et_pb_row][\/et_pb_section]<\/p>\n","protected":false},"excerpt":{"rendered":"<p>Su di me.La mia missione \u00e8 rendere il fitness accessibile a donne di tutte le et\u00e0, con qualunque capacit\u00e0 e per qualsiasi obiettivo.Il mio percorso di fitness ha cambiato completamente la mia vita e attraverso la condivisione dei miei programmi di allenamento in palestra e a casa sto cambiando la vita di innumerevoli donne. Sono [&hellip;]<\/p>\n","protected":false},"author":1,"featured_media":0,"parent":0,"menu_order":0,"comment_status":"closed","ping_status":"closed","template":"","meta":{"_et_pb_use_builder":"on","_et_pb_old_content":"","_et_gb_content_width":"","footnotes":""},"class_list":["post-2008","page","type-page","status-publish","hentry"],"acf":[],"yoast_head":"<!-- This site is optimized with the Yoast SEO plugin v26.5 - https:\/\/yoast.com\/wordpress\/plugins\/seo\/ -->\n<title>Su di me - Ksenia Prix<\/title>\n<meta name=\"robots\" content=\"index, follow, max-snippet:-1, max-image-preview:large, max-video-preview:-1\" \/>\n<link rel=\"canonical\" href=\"https:\/\/kseniaprix.com\/it\/su-di-me\/\" \/>\n<meta property=\"og:locale\" content=\"it_IT\" \/>\n<meta property=\"og:type\" content=\"article\" \/>\n<meta property=\"og:title\" content=\"Su di me - Ksenia Prix\" \/>\n<meta property=\"og:description\" content=\"Su di me.La mia missione \u00e8 rendere il fitness accessibile a donne di tutte le et\u00e0, con qualunque capacit\u00e0 e per qualsiasi obiettivo.Il mio percorso di fitness ha cambiato completamente la mia vita e attraverso la condivisione dei miei programmi di allenamento in palestra e a casa sto cambiando la vita di innumerevoli donne. Sono [&hellip;]\" \/>\n<meta property=\"og:url\" content=\"https:\/\/kseniaprix.com\/it\/su-di-me\/\" \/>\n<meta property=\"og:site_name\" content=\"Ksenia Prix\" \/>\n<meta property=\"article:modified_time\" content=\"2023-01-20T21:32:22+00:00\" \/>\n<meta name=\"twitter:card\" content=\"summary_large_image\" \/>\n<meta name=\"twitter:label1\" content=\"Tempo di lettura stimato\" \/>\n\t<meta name=\"twitter:data1\" content=\"9 minuti\" \/>\n<script type=\"application\/ld+json\" class=\"yoast-schema-graph\">{\"@context\":\"https:\/\/schema.org\",\"@graph\":[{\"@type\":\"WebPage\",\"@id\":\"https:\/\/kseniaprix.com\/it\/su-di-me\/\",\"url\":\"https:\/\/kseniaprix.com\/it\/su-di-me\/\",\"name\":\"Su di me - Ksenia Prix\",\"isPartOf\":{\"@id\":\"\/#website\"},\"datePublished\":\"2022-11-05T12:47:29+00:00\",\"dateModified\":\"2023-01-20T21:32:22+00:00\",\"breadcrumb\":{\"@id\":\"https:\/\/kseniaprix.com\/it\/su-di-me\/#breadcrumb\"},\"inLanguage\":\"it-IT\",\"potentialAction\":[{\"@type\":\"ReadAction\",\"target\":[\"https:\/\/kseniaprix.com\/it\/su-di-me\/\"]}]},{\"@type\":\"BreadcrumbList\",\"@id\":\"https:\/\/kseniaprix.com\/it\/su-di-me\/#breadcrumb\",\"itemListElement\":[{\"@type\":\"ListItem\",\"position\":1,\"name\":\"Home\",\"item\":\"https:\/\/kseniaprix.com\/it\/\"},{\"@type\":\"ListItem\",\"position\":2,\"name\":\"Su di me\"}]},{\"@type\":\"WebSite\",\"@id\":\"\/#website\",\"url\":\"\/\",\"name\":\"Ksenia Prix\",\"description\":\"\",\"potentialAction\":[{\"@type\":\"SearchAction\",\"target\":{\"@type\":\"EntryPoint\",\"urlTemplate\":\"\/?s={search_term_string}\"},\"query-input\":{\"@type\":\"PropertyValueSpecification\",\"valueRequired\":true,\"valueName\":\"search_term_string\"}}],\"inLanguage\":\"it-IT\"}]}<\/script>\n<!-- \/ Yoast SEO plugin. -->","yoast_head_json":{"title":"Su di me - Ksenia Prix","robots":{"index":"index","follow":"follow","max-snippet":"max-snippet:-1","max-image-preview":"max-image-preview:large","max-video-preview":"max-video-preview:-1"},"canonical":"https:\/\/kseniaprix.com\/it\/su-di-me\/","og_locale":"it_IT","og_type":"article","og_title":"Su di me - Ksenia Prix","og_description":"Su di me.La mia missione \u00e8 rendere il fitness accessibile a donne di tutte le et\u00e0, con qualunque capacit\u00e0 e per qualsiasi obiettivo.Il mio percorso di fitness ha cambiato completamente la mia vita e attraverso la condivisione dei miei programmi di allenamento in palestra e a casa sto cambiando la vita di innumerevoli donne. Sono [&hellip;]","og_url":"https:\/\/kseniaprix.com\/it\/su-di-me\/","og_site_name":"Ksenia Prix","article_modified_time":"2023-01-20T21:32:22+00:00","twitter_card":"summary_large_image","twitter_misc":{"Tempo di lettura stimato":"9 minuti"},"schema":{"@context":"https:\/\/schema.org","@graph":[{"@type":"WebPage","@id":"https:\/\/kseniaprix.com\/it\/su-di-me\/","url":"https:\/\/kseniaprix.com\/it\/su-di-me\/","name":"Su di me - Ksenia Prix","isPartOf":{"@id":"\/#website"},"datePublished":"2022-11-05T12:47:29+00:00","dateModified":"2023-01-20T21:32:22+00:00","breadcrumb":{"@id":"https:\/\/kseniaprix.com\/it\/su-di-me\/#breadcrumb"},"inLanguage":"it-IT","potentialAction":[{"@type":"ReadAction","target":["https:\/\/kseniaprix.com\/it\/su-di-me\/"]}]},{"@type":"BreadcrumbList","@id":"https:\/\/kseniaprix.com\/it\/su-di-me\/#breadcrumb","itemListElement":[{"@type":"ListItem","position":1,"name":"Home","item":"https:\/\/kseniaprix.com\/it\/"},{"@type":"ListItem","position":2,"name":"Su di me"}]},{"@type":"WebSite","@id":"\/#website","url":"\/","name":"Ksenia Prix","description":"","potentialAction":[{"@type":"SearchAction","target":{"@type":"EntryPoint","urlTemplate":"\/?s={search_term_string}"},"query-input":{"@type":"PropertyValueSpecification","valueRequired":true,"valueName":"search_term_string"}}],"inLanguage":"it-IT"}]}},"_links":{"self":[{"href":"https:\/\/kseniaprix.com\/it\/wp-json\/wp\/v2\/pages\/2008","targetHints":{"allow":["GET"]}}],"collection":[{"href":"https:\/\/kseniaprix.com\/it\/wp-json\/wp\/v2\/pages"}],"about":[{"href":"https:\/\/kseniaprix.com\/it\/wp-json\/wp\/v2\/types\/page"}],"author":[{"embeddable":true,"href":"https:\/\/kseniaprix.com\/it\/wp-json\/wp\/v2\/users\/1"}],"replies":[{"embeddable":true,"href":"https:\/\/kseniaprix.com\/it\/wp-json\/wp\/v2\/comments?post=2008"}],"version-history":[{"count":6,"href":"https:\/\/kseniaprix.com\/it\/wp-json\/wp\/v2\/pages\/2008\/revisions"}],"predecessor-version":[{"id":2379,"href":"https:\/\/kseniaprix.com\/it\/wp-json\/wp\/v2\/pages\/2008\/revisions\/2379"}],"wp:attachment":[{"href":"https:\/\/kseniaprix.com\/it\/wp-json\/wp\/v2\/media?parent=2008"}],"curies":[{"name":"wp","href":"https:\/\/api.w.org\/{rel}","templated":true}]}}